{"id":1114,"date":"2016-04-05T08:31:13","date_gmt":"2016-04-05T07:31:13","guid":{"rendered":"https:\/\/www.badgerpellets.com\/devenir-depositaire\/?lang=lu"},"modified":"2016-07-27T08:06:59","modified_gmt":"2016-07-27T07:06:59","slug":"depositaire-ginn","status":"publish","type":"page","link":"https:\/\/www.badgerpellets.com\/lu\/depositaire-ginn\/","title":{"rendered":"Depositaire ginn"},"content":{"rendered":"<div role=\"form\" class=\"wpcf7\" id=\"wpcf7-f1289-o1\" lang=\"en-US\" dir=\"ltr\">\n<div class=\"screen-reader-response\"><\/div>\n<form action=\"\/lu\/wp-json\/wp\/v2\/pages\/1114#wpcf7-f1289-o1\" method=\"post\" class=\"wpcf7-form\" novalidate=\"novalidate\">\n<div style=\"display: none;\">\n<input type=\"hidden\" name=\"_wpcf7\" value=\"1289\" \/>\n<input type=\"hidden\" name=\"_wpcf7_version\" value=\"4.3.1\" \/>\n<input type=\"hidden\" name=\"_wpcf7_locale\" value=\"en_US\" \/>\n<input type=\"hidden\" name=\"_wpcf7_unit_tag\" value=\"wpcf7-f1289-o1\" \/>\n<input type=\"hidden\" name=\"_wpnonce\" value=\"74a0ae043d\" \/>\n<\/div>\n<h3>Depositaire ginn<\/h3>\n<div class=\"form-control s_12-12\">\n  <label for=\"form-delivery-mode\">M\u00e4i Liwwerungsmoyen<\/label><br \/>\n  <span class=\"wpcf7-form-control-wrap form-delivery-mode\"><select name=\"form-delivery-mode\" class=\"wpcf7-form-control wpcf7-select wpcf7-validates-as-required\" id=\"form-delivery-mode\" aria-required=\"true\" aria-invalid=\"false\"><option value=\"De Client h\u00eblt seng S\u00e4ck a mengem Gesch\u00e4ft of\">De Client h\u00eblt seng S\u00e4ck a mengem Gesch\u00e4ft of<\/option><option value=\"De Client h\u00eblt seng S\u00e4ck a mengem Gesch\u00e4ft of an ech kann d&#039;S\u00e4ck bei hien Heem liwweren\">De Client h\u00eblt seng S\u00e4ck a mengem Gesch\u00e4ft of an ech kann d&#039;S\u00e4ck bei hien Heem liwweren<\/option><option value=\"Ech liwweren dem Client S\u00e4ck an Sch\u00fcttgut Heem\">Ech liwweren dem Client S\u00e4ck an Sch\u00fcttgut Heem<\/option><\/select><\/span><\/p>\n<div class=\"form-control__notice\">*Notice<\/div>\n<\/div>\n<h3>Meng Coordonn\u00e9e\u00ebn<\/h3>\n<div class=\"form-control s_6-12\">\n  <label for=\"form-firstname\">Virnumm*<\/label><br \/>\n  <span class=\"wpcf7-form-control-wrap form-firstname\"><input type=\"text\" name=\"form-firstname\" value=\"\" size=\"40\" class=\"wpcf7-form-control wpcf7-text wpcf7-validates-as-required\" id=\"form-firstname\" aria-required=\"true\" aria-invalid=\"false\" placeholder=\"Virnumm\" \/><\/span>\n<\/div>\n<div class=\"form-control s_6-12\">\n  <label for=\"form-lastname\">Numm*<\/label><br \/>\n  <span class=\"wpcf7-form-control-wrap form-lastname\"><input type=\"text\" name=\"form-lastname\" value=\"\" size=\"40\" class=\"wpcf7-form-control wpcf7-text wpcf7-validates-as-required\" id=\"form-lastname\" aria-required=\"true\" aria-invalid=\"false\" placeholder=\"Numm\" \/><\/span>\n<\/div>\n<div class=\"form-control s_6-12\">\n  <label for=\"form-company\">Numm vun der Entreprise*<\/label><br \/>\n  <span class=\"wpcf7-form-control-wrap form-company\"><input type=\"text\" name=\"form-company\" value=\"\" size=\"40\" class=\"wpcf7-form-control wpcf7-text wpcf7-validates-as-required\" id=\"form-company\" aria-required=\"true\" aria-invalid=\"false\" placeholder=\"Numm vun der Entreprise\" \/><\/span>\n<\/div>\n<div class=\"form-control s_6-12\">\n  <label for=\"form-tva-number\">TVA-Nr.*<\/label><br \/>\n  <span class=\"wpcf7-form-control-wrap form-tva-number\"><input type=\"number\" name=\"form-tva-number\" value=\"\" class=\"wpcf7-form-control wpcf7-number wpcf7-validates-as-required wpcf7-validates-as-number\" id=\"form-tva-number\" aria-required=\"true\" aria-invalid=\"false\" \/><\/span>\n<\/div>\n<div class=\"form-control s_6-12\">\n  <label for=\"form-address\">Adress*<\/label><br \/>\n  <span class=\"wpcf7-form-control-wrap form-address\"><input type=\"text\" name=\"form-address\" value=\"\" size=\"40\" class=\"wpcf7-form-control wpcf7-text wpcf7-validates-as-required\" id=\"form-address\" aria-required=\"true\" aria-invalid=\"false\" placeholder=\"Adress\" \/><\/span>\n<\/div>\n<div class=\"form-control s_3-12\">\n  <label for=\"form-city\">Stad*<\/label><br \/>\n  <span class=\"wpcf7-form-control-wrap form-city\"><input type=\"text\" name=\"form-city\" value=\"\" size=\"40\" class=\"wpcf7-form-control wpcf7-text wpcf7-validates-as-required\" id=\"form-city\" aria-required=\"true\" aria-invalid=\"false\" \/><\/span>\n<\/div>\n<div class=\"form-control s_3-12\">\n  <label for=\"form-postcode\">Postleetzuel*<\/label><br \/>\n  <span class=\"wpcf7-form-control-wrap form-postcode\"><input type=\"number\" name=\"form-postcode\" value=\"\" class=\"wpcf7-form-control wpcf7-number wpcf7-validates-as-required wpcf7-validates-as-number\" id=\"form-postcode\" aria-required=\"true\" aria-invalid=\"false\" \/><\/span>\n<\/div>\n<div class=\"form-control s_9-12\">\n  <label for=\"form-address-shop\">Adress vum Point de Vente*<\/label><br \/>\n  <span class=\"wpcf7-form-control-wrap form-address-shop\"><input type=\"text\" name=\"form-address-shop\" value=\"\" size=\"40\" class=\"wpcf7-form-control wpcf7-text wpcf7-validates-as-required\" id=\"form-address-shop\" aria-required=\"true\" aria-invalid=\"false\" placeholder=\"Adress vum Point de Vente\" \/><\/span>\n<\/div>\n<div class=\"form-control s_3-12\">\n  <label for=\"form-postcode-shop\">Postleetzuel vum Point de Vente*<\/label><br \/>\n  <span class=\"wpcf7-form-control-wrap form-postcode-shop\"><input type=\"number\" name=\"form-postcode-shop\" value=\"\" class=\"wpcf7-form-control wpcf7-number wpcf7-validates-as-required wpcf7-validates-as-number\" id=\"form-postcode-shop\" aria-required=\"true\" aria-invalid=\"false\" \/><\/span>\n<\/div>\n<div class=\"form-control s_6-12\">\n  <label for=\"form-country\">Land*<\/label><br \/>\n  <span class=\"wpcf7-form-control-wrap form-country\"><select name=\"form-country\" class=\"wpcf7-form-control wpcf7-select wpcf7-validates-as-required\" id=\"form-country\" aria-required=\"true\" aria-invalid=\"false\"><option value=\"Belge\">Belge<\/option><option value=\"Frankr\u00e4ich\">Frankr\u00e4ich<\/option><option value=\"L\u00ebtzebuerg\">L\u00ebtzebuerg<\/option><option value=\"Holland\">Holland<\/option><\/select><\/span>\n<\/div>\n<div class=\"form-control s_6-12\">\n  <label for=\"form-phone\">Tel*<\/label><br \/>\n  <span class=\"wpcf7-form-control-wrap form-phone\"><input type=\"number\" name=\"form-phone\" value=\"\" class=\"wpcf7-form-control wpcf7-number wpcf7-validates-as-required wpcf7-validates-as-number\" id=\"form-phone\" aria-required=\"true\" aria-invalid=\"false\" \/><\/span>\n<\/div>\n<div class=\"form-control s_6-12\">\n  <label for=\"form-fax\">Fax<\/label><br \/>\n  <span class=\"wpcf7-form-control-wrap form-fax\"><input type=\"number\" name=\"form-fax\" value=\"\" class=\"wpcf7-form-control wpcf7-number wpcf7-validates-as-number\" id=\"form-fax\" aria-invalid=\"false\" \/><\/span>\n<\/div>\n<div class=\"form-control s_6-12\">\n  <label for=\"form-email\">E-Mail*<\/label><br \/>\n  <span class=\"wpcf7-form-control-wrap form-email\"><input type=\"email\" name=\"form-email\" value=\"\" size=\"40\" class=\"wpcf7-form-control wpcf7-text wpcf7-email wpcf7-validates-as-required wpcf7-validates-as-email\" id=\"form-email\" aria-required=\"true\" aria-invalid=\"false\" placeholder=\"E-Mail\" \/><\/span>\n<\/div>\n<h3>Meng Gesch\u00e4ftsz\u00e4iten <span>(z:B.: M\u00e9indes bis Freides: 9 bis 17 Auer: Samschdes: 6:30 Auer bis 13 Auer)<\/span><\/h3>\n<div class=\"form-control s_12-12\">\n  <label for=\"form-opening-hours\">Gesch\u00e4ftsz\u00e4iten*<\/label><br \/>\n  <span class=\"wpcf7-form-control-wrap form-opening-hours\"><textarea name=\"form-opening-hours\" cols=\"40\" rows=\"10\" class=\"wpcf7-form-control wpcf7-textarea wpcf7-validates-as-required\" id=\"form-opening-hours\" aria-required=\"true\" aria-invalid=\"false\" placeholder=\"Gesch\u00e4ftsz\u00e4iten\"><\/textarea><\/span>\n<\/div>\n<h3>Pelletsmarken d\u00e9i ech verkafen<\/h3>\n<div class=\"form-control s_6-12\">\n  <span class=\"wpcf7-form-control-wrap form-brand\"><span class=\"wpcf7-form-control wpcf7-checkbox\" id=\"form-brand\"><span class=\"wpcf7-list-item first\"><input type=\"checkbox\" name=\"form-brand[]\" value=\"Xylet\" \/>&nbsp;<span class=\"wpcf7-list-item-label\">Xylet<\/span><\/span><span class=\"wpcf7-list-item\"><input type=\"checkbox\" name=\"form-brand[]\" value=\"Pauls Pellet\" \/>&nbsp;<span class=\"wpcf7-list-item-label\">Pauls Pellet<\/span><\/span><span class=\"wpcf7-list-item\"><input type=\"checkbox\" name=\"form-brand[]\" value=\"Confopellets\" \/>&nbsp;<span class=\"wpcf7-list-item-label\">Confopellets<\/span><\/span><span class=\"wpcf7-list-item\"><input type=\"checkbox\" name=\"form-brand[]\" value=\"Cleanfire\" \/>&nbsp;<span class=\"wpcf7-list-item-label\">Cleanfire<\/span><\/span><span class=\"wpcf7-list-item\"><input type=\"checkbox\" name=\"form-brand[]\" value=\"German pellets\" \/>&nbsp;<span class=\"wpcf7-list-item-label\">German pellets<\/span><\/span><span class=\"wpcf7-list-item last\"><input type=\"checkbox\" name=\"form-brand[]\" value=\"Lampiris Wood\" \/>&nbsp;<span class=\"wpcf7-list-item-label\">Lampiris Wood<\/span><\/span><\/span><\/span>\n<\/div>\n<div class=\"form-control s_6-12\">\n  <label for=\"form-brand-other\">Aner Marken<\/label><br \/>\n  <span class=\"wpcf7-form-control-wrap form-brand-other\"><textarea name=\"form-brand-other\" cols=\"40\" rows=\"10\" class=\"wpcf7-form-control wpcf7-textarea wpcf7-validates-as-required\" id=\"form-brand-other\" aria-required=\"true\" aria-invalid=\"false\" placeholder=\"Aner Marken\"><\/textarea><\/span>\n<\/div>\n<div class=\"form-control s_12-12\">\n<div class=\"wpcf7-form-control-wrap\"><div data-sitekey=\"6Lcqcx0TAAAAAJ6CzncvNbokZko5BmIdLU75Se91\" class=\"wpcf7-form-control g-recaptcha wpcf7-recaptcha recaptcha\"><\/div>\n<noscript>\n\t<div style=\"width: 302px; height: 422px;\">\n\t\t<div style=\"width: 302px; height: 422px; position: relative;\">\n\t\t\t<div style=\"width: 302px; height: 422px; position: absolute;\">\n\t\t\t\t<iframe src=\"https:\/\/www.google.com\/recaptcha\/api\/fallback?k=6Lcqcx0TAAAAAJ6CzncvNbokZko5BmIdLU75Se91\" frameborder=\"0\" scrolling=\"no\" style=\"width: 302px; height:422px; border-style: none;\">\n\t\t\t\t<\/iframe>\n\t\t\t<\/div>\n\t\t\t<div style=\"width: 300px; height: 60px; border-style: none; bottom: 12px; left: 25px; margin: 0px; padding: 0px; right: 25px; background: #f9f9f9; border: 1px solid #c1c1c1; border-radius: 3px;\">\n\t\t\t\t<textarea id=\"g-recaptcha-response\" name=\"g-recaptcha-response\" class=\"g-recaptcha-response\" style=\"width: 250px; height: 40px; border: 1px solid #c1c1c1; margin: 10px 25px; padding: 0px; resize: none;\">\n\t\t\t\t<\/textarea>\n\t\t\t<\/div>\n\t\t<\/div>\n\t<\/div>\n<\/noscript>\n<\/div>\n<\/div>\n<div class=\"form-control s_12-12\">\n  <input type=\"submit\" value=\"Sch\u00e9cken\" class=\"wpcf7-form-control wpcf7-submit\" \/>\n<\/div>\n<div class=\"wpcf7-response-output wpcf7-display-none\"><\/div><\/form><\/div>\n","protected":false},"excerpt":{"rendered":"","protected":false},"author":1,"featured_media":0,"parent":0,"menu_order":0,"comment_status":"closed","ping_status":"closed","template":"form.php","meta":[],"yoast_head":"<!-- This site is optimized with the Yoast SEO plugin v17.6 - https:\/\/yoast.com\/wordpress\/plugins\/seo\/ -->\n<title>Depositaire ginn - Badger<\/title>\n<meta name=\"robots\" content=\"index, follow, max-snippet:-1, max-image-preview:large, max-video-preview:-1\" \/>\n<link rel=\"canonical\" href=\"https:\/\/www.badgerpellets.com\/lu\/depositaire-ginn\/\" \/>\n<meta property=\"og:locale\" content=\"en_US\" \/>\n<meta property=\"og:type\" content=\"article\" \/>\n<meta property=\"og:title\" content=\"Depositaire ginn - Badger\" \/>\n<meta property=\"og:url\" content=\"https:\/\/www.badgerpellets.com\/lu\/depositaire-ginn\/\" \/>\n<meta property=\"og:site_name\" content=\"Badger\" \/>\n<meta property=\"article:publisher\" content=\"https:\/\/www.facebook.com\/badgerpellets\" \/>\n<meta property=\"article:modified_time\" content=\"2016-07-27T07:06:59+00:00\" \/>\n<meta name=\"twitter:card\" content=\"summary\" \/>\n<script type=\"application\/ld+json\" class=\"yoast-schema-graph\">{\"@context\":\"https:\/\/schema.org\",\"@graph\":[{\"@type\":\"WebSite\",\"@id\":\"https:\/\/www.badgerpellets.com\/#website\",\"url\":\"https:\/\/www.badgerpellets.com\/\",\"name\":\"Badger\",\"description\":\"\",\"potentialAction\":[{\"@type\":\"SearchAction\",\"target\":{\"@type\":\"EntryPoint\",\"urlTemplate\":\"https:\/\/www.badgerpellets.com\/?s={search_term_string}\"},\"query-input\":\"required name=search_term_string\"}],\"inLanguage\":\"lu-LU\"},{\"@type\":\"WebPage\",\"@id\":\"https:\/\/www.badgerpellets.com\/lu\/depositaire-ginn\/#webpage\",\"url\":\"https:\/\/www.badgerpellets.com\/lu\/depositaire-ginn\/\",\"name\":\"Depositaire ginn - Badger\",\"isPartOf\":{\"@id\":\"https:\/\/www.badgerpellets.com\/#website\"},\"datePublished\":\"2016-04-05T07:31:13+00:00\",\"dateModified\":\"2016-07-27T07:06:59+00:00\",\"breadcrumb\":{\"@id\":\"https:\/\/www.badgerpellets.com\/lu\/depositaire-ginn\/#breadcrumb\"},\"inLanguage\":\"lu-LU\",\"potentialAction\":[{\"@type\":\"ReadAction\",\"target\":[\"https:\/\/www.badgerpellets.com\/lu\/depositaire-ginn\/\"]}]},{\"@type\":\"BreadcrumbList\",\"@id\":\"https:\/\/www.badgerpellets.com\/lu\/depositaire-ginn\/#breadcrumb\",\"itemListElement\":[{\"@type\":\"ListItem\",\"position\":1,\"name\":\"Accueil\",\"item\":\"https:\/\/www.badgerpellets.com\/lu\/\"},{\"@type\":\"ListItem\",\"position\":2,\"name\":\"Depositaire ginn\"}]}]}<\/script>\n<!-- \/ Yoast SEO plugin. -->","yoast_head_json":{"title":"Depositaire ginn - Badger","robots":{"index":"index","follow":"follow","max-snippet":"max-snippet:-1","max-image-preview":"max-image-preview:large","max-video-preview":"max-video-preview:-1"},"canonical":"https:\/\/www.badgerpellets.com\/lu\/depositaire-ginn\/","og_locale":"en_US","og_type":"article","og_title":"Depositaire ginn - Badger","og_url":"https:\/\/www.badgerpellets.com\/lu\/depositaire-ginn\/","og_site_name":"Badger","article_publisher":"https:\/\/www.facebook.com\/badgerpellets","article_modified_time":"2016-07-27T07:06:59+00:00","twitter_card":"summary","schema":{"@context":"https:\/\/schema.org","@graph":[{"@type":"WebSite","@id":"https:\/\/www.badgerpellets.com\/#website","url":"https:\/\/www.badgerpellets.com\/","name":"Badger","description":"","potentialAction":[{"@type":"SearchAction","target":{"@type":"EntryPoint","urlTemplate":"https:\/\/www.badgerpellets.com\/?s={search_term_string}"},"query-input":"required name=search_term_string"}],"inLanguage":"lu-LU"},{"@type":"WebPage","@id":"https:\/\/www.badgerpellets.com\/lu\/depositaire-ginn\/#webpage","url":"https:\/\/www.badgerpellets.com\/lu\/depositaire-ginn\/","name":"Depositaire ginn - Badger","isPartOf":{"@id":"https:\/\/www.badgerpellets.com\/#website"},"datePublished":"2016-04-05T07:31:13+00:00","dateModified":"2016-07-27T07:06:59+00:00","breadcrumb":{"@id":"https:\/\/www.badgerpellets.com\/lu\/depositaire-ginn\/#breadcrumb"},"inLanguage":"lu-LU","potentialAction":[{"@type":"ReadAction","target":["https:\/\/www.badgerpellets.com\/lu\/depositaire-ginn\/"]}]},{"@type":"BreadcrumbList","@id":"https:\/\/www.badgerpellets.com\/lu\/depositaire-ginn\/#breadcrumb","itemListElement":[{"@type":"ListItem","position":1,"name":"Accueil","item":"https:\/\/www.badgerpellets.com\/lu\/"},{"@type":"ListItem","position":2,"name":"Depositaire ginn"}]}]}},"_links":{"self":[{"href":"https:\/\/www.badgerpellets.com\/lu\/wp-json\/wp\/v2\/pages\/1114"}],"collection":[{"href":"https:\/\/www.badgerpellets.com\/lu\/wp-json\/wp\/v2\/pages"}],"about":[{"href":"https:\/\/www.badgerpellets.com\/lu\/wp-json\/wp\/v2\/types\/page"}],"author":[{"embeddable":true,"href":"https:\/\/www.badgerpellets.com\/lu\/wp-json\/wp\/v2\/users\/1"}],"replies":[{"embeddable":true,"href":"https:\/\/www.badgerpellets.com\/lu\/wp-json\/wp\/v2\/comments?post=1114"}],"version-history":[{"count":3,"href":"https:\/\/www.badgerpellets.com\/lu\/wp-json\/wp\/v2\/pages\/1114\/revisions"}],"predecessor-version":[{"id":1304,"href":"https:\/\/www.badgerpellets.com\/lu\/wp-json\/wp\/v2\/pages\/1114\/revisions\/1304"}],"wp:attachment":[{"href":"https:\/\/www.badgerpellets.com\/lu\/wp-json\/wp\/v2\/media?parent=1114"}],"curies":[{"name":"wp","href":"https:\/\/api.w.org\/{rel}","templated":true}]}}