{"id":1312,"date":"2016-07-26T16:25:26","date_gmt":"2016-07-26T15:25:26","guid":{"rendered":"https:\/\/www.badgerpellets.com\/?page_id=1312&#038;lang=lu"},"modified":"2016-07-27T08:07:20","modified_gmt":"2016-07-27T07:07:20","slug":"iwwreg-bliwwen-fro","status":"publish","type":"page","link":"https:\/\/www.badgerpellets.com\/lu\/iwwreg-bliwwen-fro\/","title":{"rendered":"Iwwreg bliwwen Fro"},"content":{"rendered":"<div role=\"form\" class=\"wpcf7\" id=\"wpcf7-f1291-o1\" lang=\"en-US\" dir=\"ltr\">\n<div class=\"screen-reader-response\"><\/div>\n<form action=\"\/lu\/wp-json\/wp\/v2\/pages\/1312#wpcf7-f1291-o1\" method=\"post\" class=\"wpcf7-form\" novalidate=\"novalidate\">\n<div style=\"display: none;\">\n<input type=\"hidden\" name=\"_wpcf7\" value=\"1291\" \/>\n<input type=\"hidden\" name=\"_wpcf7_version\" value=\"4.3.1\" \/>\n<input type=\"hidden\" name=\"_wpcf7_locale\" value=\"en_US\" \/>\n<input type=\"hidden\" name=\"_wpcf7_unit_tag\" value=\"wpcf7-f1291-o1\" \/>\n<input type=\"hidden\" name=\"_wpnonce\" value=\"52f225c432\" \/>\n<\/div>\n<h3>Meng Coordonn\u00e9e\u00ebn<\/h3>\n<div class=\"form-control s_6-12\">\n  <label for=\"form-firstname\">Virnumm*<\/label><br \/>\n  <span class=\"wpcf7-form-control-wrap form-firstname\"><input type=\"text\" name=\"form-firstname\" value=\"\" size=\"40\" class=\"wpcf7-form-control wpcf7-text wpcf7-validates-as-required\" id=\"form-firstname\" aria-required=\"true\" aria-invalid=\"false\" placeholder=\"Virnumm\" \/><\/span>\n<\/div>\n<div class=\"form-control s_6-12\">\n  <label for=\"form-lastname\">Numm*<\/label><br \/>\n  <span class=\"wpcf7-form-control-wrap form-lastname\"><input type=\"text\" name=\"form-lastname\" value=\"\" size=\"40\" class=\"wpcf7-form-control wpcf7-text wpcf7-validates-as-required\" id=\"form-lastname\" aria-required=\"true\" aria-invalid=\"false\" placeholder=\"Numm\" \/><\/span>\n<\/div>\n<div class=\"form-control s_12-12\">\n  <label for=\"form-company\">Entreprise<\/label><br \/>\n  <span class=\"wpcf7-form-control-wrap form-company\"><input type=\"text\" name=\"form-company\" value=\"\" size=\"40\" class=\"wpcf7-form-control wpcf7-text\" id=\"form-company\" aria-invalid=\"false\" placeholder=\"Entreprise\" \/><\/span>\n<\/div>\n<div class=\"form-control s_9-12\">\n  <label for=\"form-address\">Adress*<\/label><br \/>\n  <span class=\"wpcf7-form-control-wrap form-address\"><input type=\"text\" name=\"form-address\" value=\"\" size=\"40\" class=\"wpcf7-form-control wpcf7-text wpcf7-validates-as-required\" id=\"form-address\" aria-required=\"true\" aria-invalid=\"false\" placeholder=\"Adress\" \/><\/span>\n<\/div>\n<div class=\"form-control s_3-12\">\n  <label for=\"form-postcode\">Postleetzuel*<\/label><br \/>\n  <span class=\"wpcf7-form-control-wrap form-postcode\"><input type=\"number\" name=\"form-postcode\" value=\"\" class=\"wpcf7-form-control wpcf7-number wpcf7-validates-as-required wpcf7-validates-as-number\" id=\"form-postcode\" aria-required=\"true\" aria-invalid=\"false\" \/><\/span>\n<\/div>\n<div class=\"form-control s_6-12\">\n  <label for=\"form-country\">Land*<\/label><br \/>\n  <span class=\"wpcf7-form-control-wrap form-country\"><select name=\"form-country\" class=\"wpcf7-form-control wpcf7-select wpcf7-validates-as-required\" id=\"form-country\" aria-required=\"true\" aria-invalid=\"false\"><option value=\"Belge\">Belge<\/option><option value=\"Frankr\u00e4ich\">Frankr\u00e4ich<\/option><option value=\"L\u00ebtzebuerg\">L\u00ebtzebuerg<\/option><option value=\"Holland\">Holland<\/option><\/select><\/span>\n<\/div>\n<div class=\"form-control s_6-12\">\n  <label for=\"form-phone\">Tel*<\/label><br \/>\n  <span class=\"wpcf7-form-control-wrap form-phone\"><input type=\"number\" name=\"form-phone\" value=\"\" class=\"wpcf7-form-control wpcf7-number wpcf7-validates-as-required wpcf7-validates-as-number\" id=\"form-phone\" aria-required=\"true\" aria-invalid=\"false\" \/><\/span>\n<\/div>\n<div class=\"form-control s_6-12\">\n  <label for=\"form-fax\">Fax<\/label><br \/>\n  <span class=\"wpcf7-form-control-wrap form-fax\"><input type=\"number\" name=\"form-fax\" value=\"\" class=\"wpcf7-form-control wpcf7-number wpcf7-validates-as-number\" id=\"form-fax\" aria-invalid=\"false\" \/><\/span>\n<\/div>\n<div class=\"form-control s_6-12\">\n  <label for=\"form-email\">E-Mail*<\/label><br \/>\n  <span class=\"wpcf7-form-control-wrap form-email\"><input type=\"email\" name=\"form-email\" value=\"\" size=\"40\" class=\"wpcf7-form-control wpcf7-text wpcf7-email wpcf7-validates-as-required wpcf7-validates-as-email\" id=\"form-email\" aria-required=\"true\" aria-invalid=\"false\" placeholder=\"E-Mail\" \/><\/span>\n<\/div>\n<h3>Beschreiwung vum Problem<\/h3>\n<div class=\"form-control s_6-12\">\n  <label for=\"form-issue-type\">de Problem betr\u00ebfft*<\/label><br \/>\n  <span class=\"wpcf7-form-control-wrap form-issue-type\"><select name=\"form-issue-type\" class=\"wpcf7-form-control wpcf7-select wpcf7-validates-as-required\" id=\"form-issue-type\" aria-required=\"true\" aria-invalid=\"false\"><option value=\"Packaging\">Packaging<\/option><option value=\"Qualit\u00e9it\">Qualit\u00e9it<\/option><option value=\"Service\">Service<\/option><option value=\"Aner\">Aner<\/option><\/select><\/span>\n<\/div>\n<div class=\"form-control s_12-12\">\n  <label for=\"form-issue-description\">Kuerz Beschreiwung vum Problem*<\/label><br \/>\n  <span class=\"wpcf7-form-control-wrap form-issue-description\"><textarea name=\"form-issue-description\" cols=\"40\" rows=\"10\" class=\"wpcf7-form-control wpcf7-textarea wpcf7-validates-as-required\" id=\"form-issue-description\" aria-required=\"true\" aria-invalid=\"false\" placeholder=\"Kuerz Beschreiwung vum Problem\"><\/textarea><\/span>\n<\/div>\n<div class=\"form-control s_12-12\">\n  <label for=\"form-retailer\">Bei wiem hutt Dir \u00c4r Pellets kaf (Entreprise, Adress)?*<\/label><br \/>\n  <span class=\"wpcf7-form-control-wrap form-retailer\"><input type=\"text\" name=\"form-retailer\" value=\"\" size=\"40\" class=\"wpcf7-form-control wpcf7-text wpcf7-validates-as-required\" id=\"form-retailer\" aria-required=\"true\" aria-invalid=\"false\" placeholder=\"Bei wiem hutt Dir \u00c4r Pellets kaf (Entreprise, Adress)?\" \/><\/span>\n<\/div>\n<div class=\"form-control s_6-12\">\n  <label for=\"form-packaging-type\">W\u00e9iee Packaging*<\/label><br \/>\n  <span class=\"wpcf7-form-control-wrap form-packaging-type\"><select name=\"form-packaging-type\" class=\"wpcf7-form-control wpcf7-select wpcf7-validates-as-required\" id=\"form-packaging-type\" aria-required=\"true\" aria-invalid=\"false\"><option value=\"Sak\">Sak<\/option><option value=\"Bag\">Bag<\/option><option value=\"Box\">Box<\/option><option value=\"Sch\u00fcttgut\">Sch\u00fcttgut<\/option><\/select><\/span>\n<\/div>\n<div class=\"form-control s_6-12\">\n  <label for=\"form-code-packaging\">Code vum Sak<\/label><br \/>\n  <span class=\"wpcf7-form-control-wrap form-code-packaging\"><input type=\"text\" name=\"form-code-packaging\" value=\"\" size=\"40\" class=\"wpcf7-form-control wpcf7-text\" id=\"form-code-packaging\" aria-invalid=\"false\" placeholder=\"\u00c4re Code af\u00fcgen\" \/><\/span>\n<\/div>\n<div class=\"form-control s_6-12\">\n  <label for=\"form-delivery-date\">Liwwerdatum<\/label><br \/>\n  <span class=\"wpcf7-form-control-wrap form-delivery-date\"><input type=\"date\" name=\"form-delivery-date\" value=\"\" class=\"wpcf7-form-control wpcf7-date wpcf7-validates-as-date\" id=\"form-delivery-date\" aria-invalid=\"false\" \/><\/span>\n<\/div>\n<div class=\"form-control s_6-12\">\n  <label for=\"form-brand-year-boiler\">Marque an Baujoer vun \u00c4rer Chaudi\u00e8re oder \u00c4rem Uewen<\/label><br \/>\n  <span class=\"wpcf7-form-control-wrap form-brand-year-boiler\"><input type=\"text\" name=\"form-brand-year-boiler\" value=\"\" size=\"40\" class=\"wpcf7-form-control wpcf7-text\" id=\"form-brand-year-boiler\" aria-invalid=\"false\" placeholder=\"Marque an Baujoer vun \u00c4rer Chaudi\u00e8re oder \u00c4rem Uewen\" \/><\/span>\n<\/div>\n<div class=\"form-control s_6-12\">\n  <label for=\"form-maintenance-date\">Datum vum leschten Entretien vum Uewen oder der Chaudi\u00e8re<\/label><br \/>\n  <span class=\"wpcf7-form-control-wrap form-maintenance-date\"><input type=\"date\" name=\"form-maintenance-date\" value=\"\" class=\"wpcf7-form-control wpcf7-date wpcf7-validates-as-date\" id=\"form-maintenance-date\" aria-invalid=\"false\" \/><\/span>\n<\/div>\n<div class=\"form-control s_6-12\">\n  <label for=\"form-supplying\">Beschafungsmoyen vun \u00c4rem Apparat<\/label><br \/>\n  <span class=\"wpcf7-form-control-wrap form-supplying\"><select name=\"form-supplying\" class=\"wpcf7-form-control wpcf7-select\" id=\"form-supplying\" aria-invalid=\"false\"><option value=\"Schrauf\">Schrauf<\/option><option value=\"Saugwierkung\">Saugwierkung<\/option><\/select><\/span>\n<\/div>\n<div class=\"form-control s_6-12\">\n  <label for=\"form-sweeping-date\">Datum vum leschte Ramonage vun \u00c4rem Kam\u00e4in<\/label><br \/>\n  <span class=\"wpcf7-form-control-wrap form-sweeping-date\"><input type=\"date\" name=\"form-sweeping-date\" value=\"\" class=\"wpcf7-form-control wpcf7-date wpcf7-validates-as-date\" id=\"form-sweeping-date\" aria-invalid=\"false\" \/><\/span>\n<\/div>\n<div class=\"form-control s_6-12\">\n<p class=\"label\">Huet \u00c4re Kam\u00e4in e Rouer mat enger Duebelwand?<\/p>\n<p>  <span class=\"wpcf7-form-control-wrap form-casing\"><span class=\"wpcf7-form-control wpcf7-radio\" id=\"form-casing\"><span class=\"wpcf7-list-item first\"><input type=\"radio\" name=\"form-casing\" value=\"Jo\" \/>&nbsp;<span class=\"wpcf7-list-item-label\">Jo<\/span><\/span><span class=\"wpcf7-list-item last\"><input type=\"radio\" name=\"form-casing\" value=\"Neen\" \/>&nbsp;<span class=\"wpcf7-list-item-label\">Neen<\/span><\/span><\/span><\/span>\n<\/p><\/div>\n<div class=\"form-control s_6-12\">\n<p class=\"label\">Ass \u00c4ren Uewen\/\u00c4r Chaudi\u00e8re eng Lambda-Sonde?<\/p>\n<p>  <span class=\"wpcf7-form-control-wrap form-sonde\"><span class=\"wpcf7-form-control wpcf7-radio\" id=\"form-sonde\"><span class=\"wpcf7-list-item first\"><input type=\"radio\" name=\"form-sonde\" value=\"Jo\" \/>&nbsp;<span class=\"wpcf7-list-item-label\">Jo<\/span><\/span><span class=\"wpcf7-list-item last\"><input type=\"radio\" name=\"form-sonde\" value=\"Neen\" \/>&nbsp;<span class=\"wpcf7-list-item-label\">Neen<\/span><\/span><\/span><\/span>\n<\/p><\/div>\n<div class=\"form-control s_6-12\">\n<p class=\"label\">Hutt dir en Echantillon vun de Pellets gehalen?<\/p>\n<p>  <span class=\"wpcf7-form-control-wrap form-sample\"><span class=\"wpcf7-form-control wpcf7-radio\" id=\"form-sample\"><span class=\"wpcf7-list-item first\"><input type=\"radio\" name=\"form-sample\" value=\"Jo\" \/>&nbsp;<span class=\"wpcf7-list-item-label\">Jo<\/span><\/span><span class=\"wpcf7-list-item last\"><input type=\"radio\" name=\"form-sample\" value=\"Neen\" \/>&nbsp;<span class=\"wpcf7-list-item-label\">Neen<\/span><\/span><\/span><\/span>\n<\/p><\/div>\n<div class=\"form-control s_12-12\">\n<div class=\"wpcf7-form-control-wrap\"><div data-sitekey=\"6Lcqcx0TAAAAAJ6CzncvNbokZko5BmIdLU75Se91\" class=\"wpcf7-form-control g-recaptcha wpcf7-recaptcha recaptcha\"><\/div>\n<noscript>\n\t<div style=\"width: 302px; height: 422px;\">\n\t\t<div style=\"width: 302px; height: 422px; position: relative;\">\n\t\t\t<div style=\"width: 302px; height: 422px; position: absolute;\">\n\t\t\t\t<iframe src=\"https:\/\/www.google.com\/recaptcha\/api\/fallback?k=6Lcqcx0TAAAAAJ6CzncvNbokZko5BmIdLU75Se91\" frameborder=\"0\" scrolling=\"no\" style=\"width: 302px; height:422px; border-style: none;\">\n\t\t\t\t<\/iframe>\n\t\t\t<\/div>\n\t\t\t<div style=\"width: 300px; height: 60px; border-style: none; bottom: 12px; left: 25px; margin: 0px; padding: 0px; right: 25px; background: #f9f9f9; border: 1px solid #c1c1c1; border-radius: 3px;\">\n\t\t\t\t<textarea id=\"g-recaptcha-response\" name=\"g-recaptcha-response\" class=\"g-recaptcha-response\" style=\"width: 250px; height: 40px; border: 1px solid #c1c1c1; margin: 10px 25px; padding: 0px; resize: none;\">\n\t\t\t\t<\/textarea>\n\t\t\t<\/div>\n\t\t<\/div>\n\t<\/div>\n<\/noscript>\n<\/div>\n<\/div>\n<div class=\"form-control s_12-12\">\n  <input type=\"submit\" value=\"Sch\u00e9cken\" class=\"wpcf7-form-control wpcf7-submit\" \/>\n<\/div>\n<div class=\"wpcf7-response-output wpcf7-display-none\"><\/div><\/form><\/div>\n","protected":false},"excerpt":{"rendered":"","protected":false},"author":10,"featured_media":0,"parent":0,"menu_order":0,"comment_status":"closed","ping_status":"closed","template":"form.php","meta":[],"yoast_head":"<!-- This site is optimized with the Yoast SEO plugin v17.6 - https:\/\/yoast.com\/wordpress\/plugins\/seo\/ -->\n<title>Iwwreg bliwwen Fro - Badger<\/title>\n<meta name=\"robots\" content=\"index, follow, max-snippet:-1, max-image-preview:large, max-video-preview:-1\" \/>\n<link rel=\"canonical\" href=\"https:\/\/www.badgerpellets.com\/lu\/iwwreg-bliwwen-fro\/\" \/>\n<meta property=\"og:locale\" content=\"en_US\" \/>\n<meta property=\"og:type\" content=\"article\" \/>\n<meta property=\"og:title\" content=\"Iwwreg bliwwen Fro - Badger\" \/>\n<meta property=\"og:url\" content=\"https:\/\/www.badgerpellets.com\/lu\/iwwreg-bliwwen-fro\/\" \/>\n<meta property=\"og:site_name\" content=\"Badger\" \/>\n<meta property=\"article:publisher\" content=\"https:\/\/www.facebook.com\/badgerpellets\" \/>\n<meta property=\"article:modified_time\" content=\"2016-07-27T07:07:20+00:00\" \/>\n<meta name=\"twitter:card\" content=\"summary\" \/>\n<script type=\"application\/ld+json\" class=\"yoast-schema-graph\">{\"@context\":\"https:\/\/schema.org\",\"@graph\":[{\"@type\":\"WebSite\",\"@id\":\"https:\/\/www.badgerpellets.com\/#website\",\"url\":\"https:\/\/www.badgerpellets.com\/\",\"name\":\"Badger\",\"description\":\"\",\"potentialAction\":[{\"@type\":\"SearchAction\",\"target\":{\"@type\":\"EntryPoint\",\"urlTemplate\":\"https:\/\/www.badgerpellets.com\/?s={search_term_string}\"},\"query-input\":\"required name=search_term_string\"}],\"inLanguage\":\"lu-LU\"},{\"@type\":\"WebPage\",\"@id\":\"https:\/\/www.badgerpellets.com\/lu\/iwwreg-bliwwen-fro\/#webpage\",\"url\":\"https:\/\/www.badgerpellets.com\/lu\/iwwreg-bliwwen-fro\/\",\"name\":\"Iwwreg bliwwen Fro - Badger\",\"isPartOf\":{\"@id\":\"https:\/\/www.badgerpellets.com\/#website\"},\"datePublished\":\"2016-07-26T15:25:26+00:00\",\"dateModified\":\"2016-07-27T07:07:20+00:00\",\"breadcrumb\":{\"@id\":\"https:\/\/www.badgerpellets.com\/lu\/iwwreg-bliwwen-fro\/#breadcrumb\"},\"inLanguage\":\"lu-LU\",\"potentialAction\":[{\"@type\":\"ReadAction\",\"target\":[\"https:\/\/www.badgerpellets.com\/lu\/iwwreg-bliwwen-fro\/\"]}]},{\"@type\":\"BreadcrumbList\",\"@id\":\"https:\/\/www.badgerpellets.com\/lu\/iwwreg-bliwwen-fro\/#breadcrumb\",\"itemListElement\":[{\"@type\":\"ListItem\",\"position\":1,\"name\":\"Accueil\",\"item\":\"https:\/\/www.badgerpellets.com\/lu\/\"},{\"@type\":\"ListItem\",\"position\":2,\"name\":\"Iwwreg bliwwen Fro\"}]}]}<\/script>\n<!-- \/ Yoast SEO plugin. -->","yoast_head_json":{"title":"Iwwreg bliwwen Fro - Badger","robots":{"index":"index","follow":"follow","max-snippet":"max-snippet:-1","max-image-preview":"max-image-preview:large","max-video-preview":"max-video-preview:-1"},"canonical":"https:\/\/www.badgerpellets.com\/lu\/iwwreg-bliwwen-fro\/","og_locale":"en_US","og_type":"article","og_title":"Iwwreg bliwwen Fro - Badger","og_url":"https:\/\/www.badgerpellets.com\/lu\/iwwreg-bliwwen-fro\/","og_site_name":"Badger","article_publisher":"https:\/\/www.facebook.com\/badgerpellets","article_modified_time":"2016-07-27T07:07:20+00:00","twitter_card":"summary","schema":{"@context":"https:\/\/schema.org","@graph":[{"@type":"WebSite","@id":"https:\/\/www.badgerpellets.com\/#website","url":"https:\/\/www.badgerpellets.com\/","name":"Badger","description":"","potentialAction":[{"@type":"SearchAction","target":{"@type":"EntryPoint","urlTemplate":"https:\/\/www.badgerpellets.com\/?s={search_term_string}"},"query-input":"required name=search_term_string"}],"inLanguage":"lu-LU"},{"@type":"WebPage","@id":"https:\/\/www.badgerpellets.com\/lu\/iwwreg-bliwwen-fro\/#webpage","url":"https:\/\/www.badgerpellets.com\/lu\/iwwreg-bliwwen-fro\/","name":"Iwwreg bliwwen Fro - Badger","isPartOf":{"@id":"https:\/\/www.badgerpellets.com\/#website"},"datePublished":"2016-07-26T15:25:26+00:00","dateModified":"2016-07-27T07:07:20+00:00","breadcrumb":{"@id":"https:\/\/www.badgerpellets.com\/lu\/iwwreg-bliwwen-fro\/#breadcrumb"},"inLanguage":"lu-LU","potentialAction":[{"@type":"ReadAction","target":["https:\/\/www.badgerpellets.com\/lu\/iwwreg-bliwwen-fro\/"]}]},{"@type":"BreadcrumbList","@id":"https:\/\/www.badgerpellets.com\/lu\/iwwreg-bliwwen-fro\/#breadcrumb","itemListElement":[{"@type":"ListItem","position":1,"name":"Accueil","item":"https:\/\/www.badgerpellets.com\/lu\/"},{"@type":"ListItem","position":2,"name":"Iwwreg bliwwen Fro"}]}]}},"_links":{"self":[{"href":"https:\/\/www.badgerpellets.com\/lu\/wp-json\/wp\/v2\/pages\/1312"}],"collection":[{"href":"https:\/\/www.badgerpellets.com\/lu\/wp-json\/wp\/v2\/pages"}],"about":[{"href":"https:\/\/www.badgerpellets.com\/lu\/wp-json\/wp\/v2\/types\/page"}],"author":[{"embeddable":true,"href":"https:\/\/www.badgerpellets.com\/lu\/wp-json\/wp\/v2\/users\/10"}],"replies":[{"embeddable":true,"href":"https:\/\/www.badgerpellets.com\/lu\/wp-json\/wp\/v2\/comments?post=1312"}],"version-history":[{"count":1,"href":"https:\/\/www.badgerpellets.com\/lu\/wp-json\/wp\/v2\/pages\/1312\/revisions"}],"predecessor-version":[{"id":1313,"href":"https:\/\/www.badgerpellets.com\/lu\/wp-json\/wp\/v2\/pages\/1312\/revisions\/1313"}],"wp:attachment":[{"href":"https:\/\/www.badgerpellets.com\/lu\/wp-json\/wp\/v2\/media?parent=1312"}],"curies":[{"name":"wp","href":"https:\/\/api.w.org\/{rel}","templated":true}]}}